{"id":2437,"date":"2023-08-18T10:41:42","date_gmt":"2023-08-18T13:41:42","guid":{"rendered":"https:\/\/eleicoes2023.caubr.gov.br\/?page_id=2437"},"modified":"2023-10-30T08:43:09","modified_gmt":"2023-10-30T11:43:09","slug":"chapas-registradas","status":"publish","type":"page","link":"https:\/\/eleicoes2023.caupb.gov.br\/?page_id=2437","title":{"rendered":"Chapas Registradas e Extratos"},"content":{"rendered":"<h3><strong>CHAPAS REGISTRADAS<\/strong><\/h3>\n<p>&nbsp;<\/p>\n<p><a href=\"http:\/\/eleicoes2023.caupb.gov.br\/wp-content\/uploads\/sites\/77\/2023\/08\/DIVULGACAO-DE-CHAPAS-NO-PROCESSO-ELEITORAL-DO-CAUPB-2023-1.pdf\">DIVULGA\u00c7\u00c3O DE CHAPAS NO PROCESSO ELEITORAL DO CAUPB 2023<\/a><\/p>\n<p><a href=\"http:\/\/eleicoes2023.caupb.gov.br\/wp-content\/uploads\/sites\/77\/2023\/08\/PLATAFORMAS-E-ENDERECOS-ELETRONICOS-DAS-CHAPAS-CANDIDATAS.pdf\">PLATAFORMAS E ENDERE\u00c7OS ELETR\u00d4NICOS DAS CHAPAS CANDIDATAS<\/a><\/p>\n<p><a href=\"http:\/\/eleicoes2023.caupb.gov.br\/wp-content\/uploads\/sites\/77\/2023\/09\/COLEGIO-ELEITORAL-PB.pdf\">COL\u00c9GIO ELEITORAL PB<\/a><\/p>\n<h3><\/h3>\n<p>&nbsp;<\/p>\n<p>&nbsp;<\/p>\n<h3><\/h3>\n<h3><strong>EXTRATOS<\/strong><\/h3>\n<p>&nbsp;<\/p>\n<p><a href=\"http:\/\/eleicoes2023.caupb.gov.br\/wp-content\/uploads\/sites\/77\/2023\/08\/DIVULGACAO-DE-EXTRATO-DE-PEDIDO-DE-IMPUGNACAO-CAU-PB.pdf\">DIVULGA\u00c7\u00c3O DE EXTRATO DE PEDIDO DE IMPUGNA\u00c7\u00c3O CAU-PB<\/a><\/p>\n<p><a href=\"http:\/\/eleicoes2023.caupb.gov.br\/wp-content\/uploads\/sites\/77\/2023\/09\/JULGAMENTO-PEDIDO-DE-REGISTRO-DE-CANDIDATURA-CAU-PB-08-09-2023.pdf\">JULGAMENTO PEDIDO DE REGISTRO DE CANDIDATURA CAU-PB 08-09-2023<\/a><\/p>\n<p><a href=\"http:\/\/eleicoes2023.caupb.gov.br\/wp-content\/uploads\/sites\/77\/2023\/09\/EXTRATO_DE_RECURSO_DE_JULGAMENTO_DE_CANDIDATURA_CAU-PB_13-09-2023.pdf\">EXTRATO_DE_RECURSO_DE_JULGAMENTO_DE_CANDIDATURA_CAU-PB_13-09-2023<\/a><\/p>\n<p><a href=\"http:\/\/eleicoes2023.caupb.gov.br\/wp-content\/uploads\/sites\/77\/2023\/10\/DIVULGACAO-DO-EXTRATO-DE-PEDIDO-DE-IMPUGNACAO-RESULTADO-ELEICOES-2023.pdf\">DIVULGA\u00c7\u00c3O DO EXTRATO DE PEDIDO DE IMPUGNA\u00c7\u00c3O &#8211; RESULTADO ELEI\u00c7\u00d5ES 2023<\/a><\/p>\n<p>&nbsp;<\/p>\n<p>&nbsp;<\/p>\n<p>&nbsp;<\/p>\n","protected":false},"excerpt":{"rendered":"<p>CHAPAS REGISTRADAS &nbsp; DIVULGA\u00c7\u00c3O DE CHAPAS NO PROCESSO ELEITORAL DO CAUPB 2023 PLATAFORMAS E ENDERE\u00c7OS ELETR\u00d4NICOS DAS CHAPAS CANDIDATAS COL\u00c9GIO ELEITORAL PB &nbsp; &nbsp; EXTRATOS &nbsp; DIVULGA\u00c7\u00c3O DE EXTRATO DE PEDIDO DE IMPUGNA\u00c7\u00c3O CAU-PB JULGAMENTO PEDIDO DE REGISTRO DE CANDIDATURA CAU-PB 08-09-2023 EXTRATO_DE_RECURSO_DE_JULGAMENTO_DE_CANDIDATURA_CAU-PB_13-09-2023 DIVULGA\u00c7\u00c3O DO EXTRATO DE PEDIDO DE IMPUGNA\u00c7\u00c3O &#8211; RESULTADO ELEI\u00c7\u00d5ES 2023 &nbsp; [&hellip;]<\/p>\n","protected":false},"author":37,"featured_media":0,"parent":0,"menu_order":0,"comment_status":"closed","ping_status":"closed","template":"","meta":[],"acf":[],"_links":{"self":[{"href":"https:\/\/eleicoes2023.caupb.gov.br\/index.php?rest_route=\/wp\/v2\/pages\/2437"}],"collection":[{"href":"https:\/\/eleicoes2023.caupb.gov.br\/index.php?rest_route=\/wp\/v2\/pages"}],"about":[{"href":"https:\/\/eleicoes2023.caupb.gov.br\/index.php?rest_route=\/wp\/v2\/types\/page"}],"author":[{"embeddable":true,"href":"https:\/\/eleicoes2023.caupb.gov.br\/index.php?rest_route=\/wp\/v2\/users\/37"}],"replies":[{"embeddable":true,"href":"https:\/\/eleicoes2023.caupb.gov.br\/index.php?rest_route=%2Fwp%2Fv2%2Fcomments&post=2437"}],"version-history":[{"count":17,"href":"https:\/\/eleicoes2023.caupb.gov.br\/index.php?rest_route=\/wp\/v2\/pages\/2437\/revisions"}],"predecessor-version":[{"id":2729,"href":"https:\/\/eleicoes2023.caupb.gov.br\/index.php?rest_route=\/wp\/v2\/pages\/2437\/revisions\/2729"}],"wp:attachment":[{"href":"https:\/\/eleicoes2023.caupb.gov.br\/index.php?rest_route=%2Fwp%2Fv2%2Fmedia&parent=2437"}],"curies":[{"name":"wp","href":"https:\/\/api.w.org\/{rel}","templated":true}]}}