{"id":277,"date":"2023-05-23T19:26:12","date_gmt":"2023-05-23T19:26:12","guid":{"rendered":"http:\/\/caupb.eleicoes2023.caubr.gov.br\/?page_id=277"},"modified":"2023-07-14T10:53:57","modified_gmt":"2023-07-14T13:53:57","slug":"normativos","status":"publish","type":"page","link":"https:\/\/eleicoes2023.caupb.gov.br\/?page_id=277","title":{"rendered":"Normativos"},"content":{"rendered":"<p><a href=\"http:\/\/eleicoes2023.caupb.gov.br\/wp-content\/uploads\/sites\/77\/2023\/07\/EDITAL-DE-CONVOCACAO-ELEICOES-2023.pdf\" target=\"_blank\" rel=\"noopener\">Edital de Convoca\u00e7\u00e3o das Elei\u00e7\u00f5es 2023<\/a><\/p>\n<p><a href=\"https:\/\/transparencia.caubr.gov.br\/resolucao179\/\" target=\"_blank\" rel=\"noopener\">Regulamento Eleitoral: Anexo Resolu\u00e7\u00e3o 179\/2019<\/a><\/p>\n<p><a href=\"https:\/\/transparencia.caubr.gov.br\/arquivos\/deliberacaoplenaria-dpobr-0129-07.pdf\" target=\"_blank\" rel=\"noopener\">Calend\u00e1rio Eleitoral 2023<\/a><\/p>\n<p><a href=\"https:\/\/transparencia.caubr.gov.br\/regimentogeral\/\" target=\"_blank\" rel=\"noopener\">Regimento Geral do CAU<\/a><\/p>\n<p>&nbsp;<\/p>\n","protected":false},"excerpt":{"rendered":"<p>Edital de Convoca\u00e7\u00e3o das Elei\u00e7\u00f5es 2023 Regulamento Eleitoral: Anexo Resolu\u00e7\u00e3o 179\/2019 Calend\u00e1rio Eleitoral 2023 Regimento Geral do CAU &nbsp;<\/p>\n","protected":false},"author":1,"featured_media":0,"parent":0,"menu_order":0,"comment_status":"closed","ping_status":"closed","template":"","meta":[],"acf":[],"_links":{"self":[{"href":"https:\/\/eleicoes2023.caupb.gov.br\/index.php?rest_route=\/wp\/v2\/pages\/277"}],"collection":[{"href":"https:\/\/eleicoes2023.caupb.gov.br\/index.php?rest_route=\/wp\/v2\/pages"}],"about":[{"href":"https:\/\/eleicoes2023.caupb.gov.br\/index.php?rest_route=\/wp\/v2\/types\/page"}],"author":[{"embeddable":true,"href":"https:\/\/eleicoes2023.caupb.gov.br\/index.php?rest_route=\/wp\/v2\/users\/1"}],"replies":[{"embeddable":true,"href":"https:\/\/eleicoes2023.caupb.gov.br\/index.php?rest_route=%2Fwp%2Fv2%2Fcomments&post=277"}],"version-history":[{"count":55,"href":"https:\/\/eleicoes2023.caupb.gov.br\/index.php?rest_route=\/wp\/v2\/pages\/277\/revisions"}],"predecessor-version":[{"id":1861,"href":"https:\/\/eleicoes2023.caupb.gov.br\/index.php?rest_route=\/wp\/v2\/pages\/277\/revisions\/1861"}],"wp:attachment":[{"href":"https:\/\/eleicoes2023.caupb.gov.br\/index.php?rest_route=%2Fwp%2Fv2%2Fmedia&parent=277"}],"curies":[{"name":"wp","href":"https:\/\/api.w.org\/{rel}","templated":true}]}}