{"id":880,"date":"2023-06-09T14:32:05","date_gmt":"2023-06-09T17:32:05","guid":{"rendered":"http:\/\/caupb.eleicoes2023.caubr.gov.br\/?page_id=880"},"modified":"2023-07-10T09:47:27","modified_gmt":"2023-07-10T12:47:27","slug":"acessar-sistema-eleitoral","status":"publish","type":"page","link":"https:\/\/eleicoes2023.caupb.gov.br\/?page_id=880","title":{"rendered":"Acessar Sistema Eleitoral"},"content":{"rendered":"<p>O Sistema Eleitoral Nacional (SIEN), previsto no Regulamento Eleitoral para realiza\u00e7\u00e3o de a\u00e7\u00f5es nas elei\u00e7\u00f5es do CAU, como registro de candidaturas, den\u00fancias e impugna\u00e7\u00f5es, \u00e9 m\u00f3dulo do SICCAU.<\/p>\n<p>Para acess\u00e1-lo fa\u00e7a o login no SICCAU <strong>(<span style=\"color: #ff0000\"><a style=\"color: #ff0000\" href=\"https:\/\/servicos.caubr.gov.br\/\" target=\"_blank\" rel=\"noopener\">https:\/\/servicos.caubr.gov.br\/<\/a><\/span>)<\/strong> e clique no menu <strong>Eleitoral<\/strong> (imagem abaixo). Ele conter\u00e1 todos os recursos que ser\u00e3o disponibilizados nos prazos correspondentes do Calend\u00e1rio eleitoral.<\/p>\n<p><img decoding=\"async\" loading=\"lazy\" class=\"alignnone wp-image-882 size-full\" src=\"https:\/\/cauac.eleicoes2023.caubr.gov.br\/wp-content\/uploads\/sites\/64\/2023\/06\/imagem.png\" alt=\"\" width=\"1280\" height=\"720\" srcset=\"https:\/\/eleicoes2023.caupb.gov.br\/wp-content\/uploads\/sites\/77\/2023\/06\/imagem.png 1280w, https:\/\/eleicoes2023.caupb.gov.br\/wp-content\/uploads\/sites\/77\/2023\/06\/imagem-300x169.png 300w, https:\/\/eleicoes2023.caupb.gov.br\/wp-content\/uploads\/sites\/77\/2023\/06\/imagem-1024x576.png 1024w, https:\/\/eleicoes2023.caupb.gov.br\/wp-content\/uploads\/sites\/77\/2023\/06\/imagem-768x432.png 768w\" sizes=\"(max-width: 1280px) 100vw, 1280px\" \/><\/p>\n<p>&nbsp;<\/p>\n<p><span style=\"color: #ff0000\"><strong>Aten\u00e7\u00e3o!<\/strong><\/span><br \/>\n<span style=\"color: #ff0000\"><strong>Este n\u00e3o se trata do ambiente de vota\u00e7\u00e3o. O sistema de vota\u00e7\u00e3o e seus meios de acesso e utiliza\u00e7\u00e3o ser\u00e3o amplamente comunicado tempestivamente pelos canais oficiais de comunica\u00e7\u00e3o do CAU\/BR.<\/strong><\/span><\/p>\n","protected":false},"excerpt":{"rendered":"<p>O Sistema Eleitoral Nacional (SIEN), previsto no Regulamento Eleitoral para realiza\u00e7\u00e3o de a\u00e7\u00f5es nas elei\u00e7\u00f5es do CAU, como registro de candidaturas, den\u00fancias e impugna\u00e7\u00f5es, \u00e9 m\u00f3dulo do SICCAU. Para acess\u00e1-lo fa\u00e7a o login no SICCAU (https:\/\/servicos.caubr.gov.br\/) e clique no menu Eleitoral (imagem abaixo). Ele conter\u00e1 todos os recursos que ser\u00e3o disponibilizados nos prazos correspondentes do [&hellip;]<\/p>\n","protected":false},"author":1,"featured_media":0,"parent":0,"menu_order":0,"comment_status":"closed","ping_status":"closed","template":"","meta":[],"acf":[],"_links":{"self":[{"href":"https:\/\/eleicoes2023.caupb.gov.br\/index.php?rest_route=\/wp\/v2\/pages\/880"}],"collection":[{"href":"https:\/\/eleicoes2023.caupb.gov.br\/index.php?rest_route=\/wp\/v2\/pages"}],"about":[{"href":"https:\/\/eleicoes2023.caupb.gov.br\/index.php?rest_route=\/wp\/v2\/types\/page"}],"author":[{"embeddable":true,"href":"https:\/\/eleicoes2023.caupb.gov.br\/index.php?rest_route=\/wp\/v2\/users\/1"}],"replies":[{"embeddable":true,"href":"https:\/\/eleicoes2023.caupb.gov.br\/index.php?rest_route=%2Fwp%2Fv2%2Fcomments&post=880"}],"version-history":[{"count":11,"href":"https:\/\/eleicoes2023.caupb.gov.br\/index.php?rest_route=\/wp\/v2\/pages\/880\/revisions"}],"predecessor-version":[{"id":1848,"href":"https:\/\/eleicoes2023.caupb.gov.br\/index.php?rest_route=\/wp\/v2\/pages\/880\/revisions\/1848"}],"wp:attachment":[{"href":"https:\/\/eleicoes2023.caupb.gov.br\/index.php?rest_route=%2Fwp%2Fv2%2Fmedia&parent=880"}],"curies":[{"name":"wp","href":"https:\/\/api.w.org\/{rel}","templated":true}]}}