{"id":972,"date":"2023-06-29T13:44:14","date_gmt":"2023-06-29T16:44:14","guid":{"rendered":"http:\/\/caupb.eleicoes2023.caubr.gov.br\/?page_id=972"},"modified":"2023-07-06T22:15:58","modified_gmt":"2023-07-07T01:15:58","slug":"como-participar","status":"publish","type":"page","link":"https:\/\/eleicoes2023.caupb.gov.br\/?page_id=972","title":{"rendered":"Como participar?"},"content":{"rendered":"<ol>\n<li style=\"font-weight: 400;\" aria-level=\"1\"><b>Conhe\u00e7a os candidatos:<\/b><span style=\"font-weight: 400;\"> Informe-se sobre as propostas e perfis dos candidatos a conselheiros do CAU.\u00a0<\/span><\/li>\n<li style=\"font-weight: 400;\" aria-level=\"1\"><b>Divulgue e engaje:<\/b><span style=\"font-weight: 400;\"> Compartilhe a import\u00e2ncia das elei\u00e7\u00f5es com seus colegas, amigos e em suas redes sociais.\u00a0<\/span><\/li>\n<li style=\"font-weight: 400;\" aria-level=\"1\"><b>Vote com consci\u00eancia:<\/b><span style=\"font-weight: 400;\"> No dia das elei\u00e7\u00f5es, exercite sua cidadania e fa\u00e7a seu voto valer!\u00a0<\/span><\/li>\n<\/ol>\n<p><b>Candidate-se:<\/b><span style=\"font-weight: 400;\"> Chame seus colegas, monte a sua chapa e venha fazer parte da transforma\u00e7\u00e3o!<\/span><\/p>\n","protected":false},"excerpt":{"rendered":"<p>Conhe\u00e7a os candidatos: Informe-se sobre as propostas e perfis dos candidatos a conselheiros do CAU.\u00a0 Divulgue e engaje: Compartilhe a import\u00e2ncia das elei\u00e7\u00f5es com seus colegas, amigos e em suas redes sociais.\u00a0 Vote com consci\u00eancia: No dia das elei\u00e7\u00f5es, exercite sua cidadania e fa\u00e7a seu voto valer!\u00a0 Candidate-se: Chame seus colegas, monte a sua chapa [&hellip;]<\/p>\n","protected":false},"author":1,"featured_media":0,"parent":0,"menu_order":0,"comment_status":"closed","ping_status":"closed","template":"","meta":[],"acf":[],"_links":{"self":[{"href":"https:\/\/eleicoes2023.caupb.gov.br\/index.php?rest_route=\/wp\/v2\/pages\/972"}],"collection":[{"href":"https:\/\/eleicoes2023.caupb.gov.br\/index.php?rest_route=\/wp\/v2\/pages"}],"about":[{"href":"https:\/\/eleicoes2023.caupb.gov.br\/index.php?rest_route=\/wp\/v2\/types\/page"}],"author":[{"embeddable":true,"href":"https:\/\/eleicoes2023.caupb.gov.br\/index.php?rest_route=\/wp\/v2\/users\/1"}],"replies":[{"embeddable":true,"href":"https:\/\/eleicoes2023.caupb.gov.br\/index.php?rest_route=%2Fwp%2Fv2%2Fcomments&post=972"}],"version-history":[{"count":2,"href":"https:\/\/eleicoes2023.caupb.gov.br\/index.php?rest_route=\/wp\/v2\/pages\/972\/revisions"}],"predecessor-version":[{"id":1656,"href":"https:\/\/eleicoes2023.caupb.gov.br\/index.php?rest_route=\/wp\/v2\/pages\/972\/revisions\/1656"}],"wp:attachment":[{"href":"https:\/\/eleicoes2023.caupb.gov.br\/index.php?rest_route=%2Fwp%2Fv2%2Fmedia&parent=972"}],"curies":[{"name":"wp","href":"https:\/\/api.w.org\/{rel}","templated":true}]}}