{"id":981,"date":"2023-06-29T13:49:01","date_gmt":"2023-06-29T16:49:01","guid":{"rendered":"http:\/\/caupb.eleicoes2023.caubr.gov.br\/?page_id=981"},"modified":"2023-07-06T22:16:06","modified_gmt":"2023-07-07T01:16:06","slug":"como-se-candidatar","status":"publish","type":"page","link":"https:\/\/eleicoes2023.caupb.gov.br\/?page_id=981","title":{"rendered":"Como se candidatar"},"content":{"rendered":"<ul>\n<li style=\"font-weight: 400;\" aria-level=\"1\"><span style=\"font-weight: 400;\">Identifique se deseja concorrer \u00e0s elei\u00e7\u00f5es do CAU\/UF (candidaturas a conselheiro federal e estadual) ou \u00e0 elei\u00e7\u00e3o de representante das Institui\u00e7\u00f5es de Ensino Superior (IES) de Arquitetura e Urbanismo (candidaturas a conselheiro federal)<\/span><\/li>\n<li style=\"font-weight: 400;\" aria-level=\"1\"><span style=\"font-weight: 400;\">Re\u00fana candidatos e defina um candidato e respectivo suplente para cada vaga.<\/span><\/li>\n<li style=\"font-weight: 400;\" aria-level=\"1\"><span style=\"font-weight: 400;\">O candidato que registrar a chapa ser\u00e1 o respons\u00e1vel pela chapa (ver art. 46 do Regulamento Eleitoral)<\/span><\/li>\n<li style=\"font-weight: 400;\" aria-level=\"1\"><span style=\"font-weight: 400;\">Defina a plataforma eleitoral:\u00a0<\/span><\/li>\n<li style=\"font-weight: 400;\" aria-level=\"1\"><span style=\"font-weight: 400;\">Fa\u00e7a o pedido de registro de candidatura para sua chapa no Sistema eleitoral, no prazo previsto no calend\u00e1rio eleitoral.<\/span><\/li>\n<li style=\"font-weight: 400;\" aria-level=\"1\"><span style=\"font-weight: 400;\">Defina os endere\u00e7os meios de propaganda oficial da chapa (instagram, facebook, site, blog&#8230;)<\/span><\/li>\n<li style=\"font-weight: 400;\" aria-level=\"1\"><span style=\"font-weight: 400;\">Dever\u00e3o ser assegurados os crit\u00e9rios de representatividade (conhe\u00e7a os detalhes &#8211; LINK)<\/span><\/li>\n<li style=\"font-weight: 400;\" aria-level=\"1\"><span style=\"font-weight: 400;\">Lembre-se que todos os candidatos dever\u00e3o cumprir todos os requisitos antes de concluir o pedido de registro de candidatura.<\/span><\/li>\n<\/ul>\n<p><span style=\"font-weight: 400;\">PRINCIPAIS REQUISITOS PARA SER CANDIDATO<\/span><\/p>\n<ul>\n<li style=\"font-weight: 400;\" aria-level=\"1\"><span style=\"font-weight: 400;\">Possuir registro ativo\u00a0<\/span><\/li>\n<li style=\"font-weight: 400;\" aria-level=\"1\"><span style=\"font-weight: 400;\">O endere\u00e7o de correspond\u00eancia informado no SICCAU deve corresponder \u00e0 UF a que deseja se candidatar.<\/span><\/li>\n<li style=\"font-weight: 400;\" aria-level=\"1\"><span style=\"font-weight: 400;\">Estar em pleno gozo dos direitos civis.<\/span><\/li>\n<li style=\"font-weight: 400;\" aria-level=\"1\"><span style=\"font-weight: 400;\">N\u00e3o integrar ou tenha membro de sua fam\u00edlia com parentesco at\u00e9 o segundo grau integrando qualquer das comiss\u00f5es eleitorais no ano das elei\u00e7\u00f5es.<\/span><\/li>\n<li style=\"font-weight: 400;\" aria-level=\"1\"><span style=\"font-weight: 400;\">N\u00e3o ter sido reconduzido na \u00faltima elei\u00e7\u00e3o ao mesmo cargo de conselheiro a que deseja se candidatar.<\/span><\/li>\n<li style=\"font-weight: 400;\" aria-level=\"1\"><span style=\"font-weight: 400;\">N\u00e3o ter cumprido san\u00e7\u00e3o por infra\u00e7\u00e3o \u00e9tico-disciplinar nos \u00faltimos 3 anos antes da elei\u00e7\u00e3o ou esteja em cumprimento de san\u00e7\u00e3o.<\/span><\/li>\n<li style=\"font-weight: 400;\" aria-level=\"1\"><span style=\"font-weight: 400;\">N\u00e3o ter cumprido san\u00e7\u00e3o por infra\u00e7\u00e3o relacionada com o exerc\u00edcio do mandato nos \u00faltimos 3 anos antes da elei\u00e7\u00e3o ou esteja em cumprimento de san\u00e7\u00e3o.<\/span><\/li>\n<li style=\"font-weight: 400;\" aria-level=\"1\"><span style=\"font-weight: 400;\">Para os dirigentes de conselho, n\u00e3o ter suas contas declaradas irregulares pelo Plen\u00e1rio do CAU\/BR, em qualquer exerc\u00edcio, nos \u00faltimos 3 anos antes da elei\u00e7\u00e3o.<\/span><\/li>\n<li style=\"font-weight: 400;\" aria-level=\"1\"><span style=\"font-weight: 400;\">N\u00e3o ter sido condenado por improbidade administrativa ou tenha tido suas contas julgadas irregulares pelos tribunais de contas nos 5 anos antes das elei\u00e7\u00f5es.<\/span><\/li>\n<li style=\"font-weight: 400;\" aria-level=\"1\"><span style=\"font-weight: 400;\">N\u00e3o incidir nas hip\u00f3teses de inelegibilidade para qualquer cargo previstas na Lei de Inelegibilidades (Lei Complementar n\u00ba 64\/1990).<\/span><\/li>\n<li style=\"font-weight: 400;\" aria-level=\"1\"><span style=\"font-weight: 400;\">N\u00e3o ter renunciado ou desistido de assumir cargo de conselheiro do CAU nas elei\u00e7\u00f5es 2017 sem justo motivo.<\/span><\/li>\n<li style=\"font-weight: 400;\" aria-level=\"1\"><span style=\"font-weight: 400;\">N\u00e3o ter perdido o mandato de conselheiro do CAU nos 5 anos antes das elei\u00e7\u00f5es.<\/span><\/li>\n<li style=\"font-weight: 400;\" aria-level=\"1\"><span style=\"font-weight: 400;\">N\u00e3o ser devedor de multa referente a processo eleitoral anterior do CAU.<\/span><\/li>\n<li style=\"font-weight: 400;\" aria-level=\"1\"><span style=\"font-weight: 400;\">N\u00e3o ocupar emprego de livre provimento e demiss\u00e3o no CAU\/BR ou no CAU\/UF para o qual eventualmente concorra.<\/span><\/li>\n<li style=\"font-weight: 400;\" aria-level=\"1\"><span style=\"font-weight: 400;\">Multas e as anuidades devidas aos CAU dever\u00e3o estar integralmente quitadas.<\/span><\/li>\n<li style=\"font-weight: 400;\" aria-level=\"1\"><span style=\"font-weight: 400;\">N\u00e3o estar inadimplente com d\u00e9bitos de natureza pecuni\u00e1ria com os CAU.<\/span><\/li>\n<\/ul>\n","protected":false},"excerpt":{"rendered":"<p>Identifique se deseja concorrer \u00e0s elei\u00e7\u00f5es do CAU\/UF (candidaturas a conselheiro federal e estadual) ou \u00e0 elei\u00e7\u00e3o de representante das Institui\u00e7\u00f5es de Ensino Superior (IES) de Arquitetura e Urbanismo (candidaturas a conselheiro federal) Re\u00fana candidatos e defina um candidato e respectivo suplente para cada vaga. O candidato que registrar a chapa ser\u00e1 o respons\u00e1vel pela [&hellip;]<\/p>\n","protected":false},"author":1,"featured_media":0,"parent":0,"menu_order":0,"comment_status":"closed","ping_status":"closed","template":"","meta":[],"acf":[],"_links":{"self":[{"href":"https:\/\/eleicoes2023.caupb.gov.br\/index.php?rest_route=\/wp\/v2\/pages\/981"}],"collection":[{"href":"https:\/\/eleicoes2023.caupb.gov.br\/index.php?rest_route=\/wp\/v2\/pages"}],"about":[{"href":"https:\/\/eleicoes2023.caupb.gov.br\/index.php?rest_route=\/wp\/v2\/types\/page"}],"author":[{"embeddable":true,"href":"https:\/\/eleicoes2023.caupb.gov.br\/index.php?rest_route=\/wp\/v2\/users\/1"}],"replies":[{"embeddable":true,"href":"https:\/\/eleicoes2023.caupb.gov.br\/index.php?rest_route=%2Fwp%2Fv2%2Fcomments&post=981"}],"version-history":[{"count":2,"href":"https:\/\/eleicoes2023.caupb.gov.br\/index.php?rest_route=\/wp\/v2\/pages\/981\/revisions"}],"predecessor-version":[{"id":1657,"href":"https:\/\/eleicoes2023.caupb.gov.br\/index.php?rest_route=\/wp\/v2\/pages\/981\/revisions\/1657"}],"wp:attachment":[{"href":"https:\/\/eleicoes2023.caupb.gov.br\/index.php?rest_route=%2Fwp%2Fv2%2Fmedia&parent=981"}],"curies":[{"name":"wp","href":"https:\/\/api.w.org\/{rel}","templated":true}]}}