{"id":984,"date":"2023-06-29T13:51:00","date_gmt":"2023-06-29T16:51:00","guid":{"rendered":"http:\/\/caupb.eleicoes2023.caubr.gov.br\/?page_id=984"},"modified":"2023-07-06T22:15:43","modified_gmt":"2023-07-07T01:15:43","slug":"acoes-permitidas","status":"publish","type":"page","link":"https:\/\/eleicoes2023.caupb.gov.br\/?page_id=984","title":{"rendered":"A\u00e7\u00f5es permitidas"},"content":{"rendered":"<ul>\n<li style=\"font-weight: 400;\" aria-level=\"1\"><span style=\"font-weight: 400;\">Propaganda digital divulgada exclusivamente via internet ou mensagem eletr\u00f4nica.<\/span><\/li>\n<li style=\"font-weight: 400;\" aria-level=\"1\"><span style=\"font-weight: 400;\">Reuni\u00e3o eleitoral para apresenta\u00e7\u00e3o e discuss\u00e3o da plataforma eleitoral.<\/span><\/li>\n<li style=\"font-weight: 400;\" aria-level=\"1\"><span style=\"font-weight: 400;\">Debates eleitorais, conforme regras do Regulamento Eleitoral.<\/span><\/li>\n<li style=\"font-weight: 400;\" aria-level=\"1\"><span style=\"font-weight: 400;\">Uso de s\u00edmbolos e marcas de Pessoas jur\u00eddicas, desde que previamente autorizado por elas.<\/span><\/li>\n<\/ul>\n","protected":false},"excerpt":{"rendered":"<p>Propaganda digital divulgada exclusivamente via internet ou mensagem eletr\u00f4nica. Reuni\u00e3o eleitoral para apresenta\u00e7\u00e3o e discuss\u00e3o da plataforma eleitoral. Debates eleitorais, conforme regras do Regulamento Eleitoral. Uso de s\u00edmbolos e marcas de Pessoas jur\u00eddicas, desde que previamente autorizado por elas.<\/p>\n","protected":false},"author":1,"featured_media":0,"parent":0,"menu_order":0,"comment_status":"closed","ping_status":"closed","template":"","meta":[],"acf":[],"_links":{"self":[{"href":"https:\/\/eleicoes2023.caupb.gov.br\/index.php?rest_route=\/wp\/v2\/pages\/984"}],"collection":[{"href":"https:\/\/eleicoes2023.caupb.gov.br\/index.php?rest_route=\/wp\/v2\/pages"}],"about":[{"href":"https:\/\/eleicoes2023.caupb.gov.br\/index.php?rest_route=\/wp\/v2\/types\/page"}],"author":[{"embeddable":true,"href":"https:\/\/eleicoes2023.caupb.gov.br\/index.php?rest_route=\/wp\/v2\/users\/1"}],"replies":[{"embeddable":true,"href":"https:\/\/eleicoes2023.caupb.gov.br\/index.php?rest_route=%2Fwp%2Fv2%2Fcomments&post=984"}],"version-history":[{"count":2,"href":"https:\/\/eleicoes2023.caupb.gov.br\/index.php?rest_route=\/wp\/v2\/pages\/984\/revisions"}],"predecessor-version":[{"id":1654,"href":"https:\/\/eleicoes2023.caupb.gov.br\/index.php?rest_route=\/wp\/v2\/pages\/984\/revisions\/1654"}],"wp:attachment":[{"href":"https:\/\/eleicoes2023.caupb.gov.br\/index.php?rest_route=%2Fwp%2Fv2%2Fmedia&parent=984"}],"curies":[{"name":"wp","href":"https:\/\/api.w.org\/{rel}","templated":true}]}}